{"id":1717,"date":"2024-11-04T15:46:49","date_gmt":"2024-11-04T12:46:49","guid":{"rendered":"https:\/\/acilkonsultan.com\/receteler\/?post_type=product&#038;p=1717"},"modified":"2024-11-04T15:47:14","modified_gmt":"2024-11-04T12:47:14","slug":"atrial-fibrilasyon","status":"publish","type":"product","link":"https:\/\/acilkonsultan.com\/receteler\/recete\/atrial-fibrilasyon\/","title":{"rendered":"Atrial Fibrilasyon"},"content":{"rendered":"<p><strong>Atrial Fibrilasyon (AF): Klinik \u00d6zellikler ve Tedavi Yakla\u015f\u0131m\u0131<\/strong><\/p>\n<p>Atrial fibrilasyon, kalbin atriyumlar\u0131ndaki d\u00fczensiz elektriksel sinyaller nedeniyle ortaya \u00e7\u0131kan d\u00fczensiz ve h\u0131zl\u0131 kalp ritmidir. \u00c7arp\u0131nt\u0131, nefes darl\u0131\u011f\u0131, g\u00f6\u011f\u00fcs a\u011fr\u0131s\u0131 gibi belirtilerle kendini g\u00f6sterir. Tedavi, kalp ritmini kontrol alt\u0131na almay\u0131, kalp h\u0131z\u0131n\u0131 y\u00f6netmeyi ve p\u0131ht\u0131 olu\u015fumunu \u00f6nlemeyi ama\u00e7lar.<\/p>\n<p><strong>Tedavi Yakla\u015f\u0131m\u0131<\/strong><\/p>\n<h3>1. Kalp H\u0131z\u0131n\u0131n Kontrol\u00fc<\/h3>\n<ul>\n<li><strong>Beta Blokerler (\u00f6rn. Metoprolol 25-100 mg, g\u00fcnde 1-2 kez):<\/strong> Kalp h\u0131z\u0131n\u0131 d\u00fc\u015f\u00fcrmek i\u00e7in yayg\u0131n olarak kullan\u0131lan bir ila\u00e7t\u0131r. \u00d6zellikle istirahat halinde y\u00fcksek kalp h\u0131z\u0131n\u0131 d\u00fc\u015f\u00fcrmede etkilidir.<\/li>\n<li><strong>Kalsiyum Kanal Blokerleri (\u00f6rn. Diltiazem veya Verapamil):<\/strong> Beta blokerlere alternatif olarak kullan\u0131labilir, \u00f6zellikle bron\u015fiyal ast\u0131m gibi beta bloker kullan\u0131m\u0131 s\u0131n\u0131rl\u0131 olan hastalarda tercih edilir.<\/li>\n<li><strong>Digoksin (0.125-0.25 mg, g\u00fcnl\u00fck):<\/strong> \u0130stirahatte kalp h\u0131z\u0131n\u0131 kontrol etmek i\u00e7in tercih edilir, ancak daha \u00e7ok ya\u015fl\u0131 hastalarda veya kalp yetmezli\u011fi olanlarda kullan\u0131l\u0131r.<\/li>\n<\/ul>\n<h3>2. Kalp Ritminin Kontrol\u00fc<\/h3>\n<ul>\n<li><strong>Anti-aritmik \u0130la\u00e7lar:<\/strong>\n<ul>\n<li><strong>Amiodaron (200 mg, g\u00fcnde 1 kez):<\/strong> AF\u2019yi kontrol alt\u0131na almak veya normal ritme d\u00f6nd\u00fcrmek i\u00e7in kullan\u0131lan g\u00fc\u00e7l\u00fc bir anti-aritmik ila\u00e7t\u0131r.<\/li>\n<li><strong>Flekainid veya Propafenon:<\/strong> Kalpte yap\u0131sal bir sorun bulunmayan hastalarda tercih edilebilir.<\/li>\n<\/ul>\n<\/li>\n<li><strong>Kardiyoversiyon:<\/strong>\n<ul>\n<li><strong>Elektriksel Kardiyoversiyon:<\/strong> Anti-aritmik ila\u00e7lara yan\u0131t vermeyen vakalarda, elektriksel kardiyoversiyon ile kalp ritmini d\u00fczenlemek m\u00fcmk\u00fcnd\u00fcr. Bu i\u015flem genellikle hastane ortam\u0131nda yap\u0131l\u0131r.<\/li>\n<\/ul>\n<\/li>\n<\/ul>\n<h3>3. Antikoag\u00fclasyon<\/h3>\n<ul>\n<li><strong>Do\u011frudan Oral Antikoag\u00fclanlar (DOACs):<\/strong>\n<ul>\n<li><strong>Apiksaban, Rivaroksaban veya Dabigatran:<\/strong> Atrial fibrilasyon nedeniyle inme riskini azaltmak i\u00e7in kullan\u0131l\u0131r. DOAC\u2019lar, K vitamini antagonisti (\u00f6rn. varfarin) kullan\u0131m\u0131na alternatif olarak daha s\u0131k tercih edilir.<\/li>\n<\/ul>\n<\/li>\n<li><strong>Varfarin:<\/strong> D\u00fczenli INR takibi gerektirir. INR de\u011feri 2-3 aral\u0131\u011f\u0131nda tutulmal\u0131d\u0131r.<\/li>\n<li><strong>Antikoag\u00fclan Tedavi \u0130htiyac\u0131n\u0131n Belirlenmesi:<\/strong> CHA2DS2-VASc skoru kullan\u0131larak hastan\u0131n inme riski de\u011ferlendirilir; y\u00fcksek riskli hastalarda antikoag\u00fclan tedavi \u00f6nerilir.<\/li>\n<\/ul>\n<h3>4. Ya\u015fam Tarz\u0131 ve Destekleyici \u00d6nlemler<\/h3>\n<ul>\n<li><strong>D\u00fczenli Fiziksel Aktivite:<\/strong> Hafif ve orta \u015fiddetli egzersizler kalp sa\u011fl\u0131\u011f\u0131n\u0131 destekleyebilir.<\/li>\n<li><strong>Sigara ve Alkol Kullan\u0131m\u0131ndan Ka\u00e7\u0131nma:<\/strong> Hem sigara hem de a\u015f\u0131r\u0131 alkol t\u00fcketimi atriyal fibrilasyonu tetikleyebilir.<\/li>\n<li><strong>Sa\u011fl\u0131kl\u0131 Beslenme:<\/strong> Kalp sa\u011fl\u0131\u011f\u0131n\u0131 destekleyen d\u00fc\u015f\u00fck sodyum ve doymu\u015f ya\u011f i\u00e7eri\u011fine sahip diyet, kan bas\u0131nc\u0131n\u0131 ve kolesterol\u00fc kontrol alt\u0131na almaya yard\u0131mc\u0131 olabilir.<\/li>\n<\/ul>\n","protected":false},"excerpt":{"rendered":"<p>Atrial Fibrilasyon (AF): Klinik \u00d6zellikler ve Tedavi Yakla\u015f\u0131m\u0131 Atrial fibrilasyon, kalbin atriyumlar\u0131ndaki d\u00fczensiz elektriksel sinyaller nedeniyle ortaya \u00e7\u0131kan d\u00fczensiz ve<\/p>\n","protected":false},"featured_media":52,"template":"","meta":[],"product_brand":[],"product_cat":[19],"product_tag":[],"class_list":{"0":"post-1717","1":"product","2":"type-product","3":"status-publish","4":"has-post-thumbnail","6":"product_cat-kardiyoloji","8":"first","9":"instock","10":"shipping-taxable","11":"product-type-simple"},"yoast_head":"<!-- This site is optimized with the Yoast SEO plugin v27.6 - https:\/\/yoast.com\/product\/yoast-seo-wordpress\/ -->\n<title>Atrial Fibrilasyon - Acil Kons\u00fcltan Re\u00e7eteler<\/title>\n<meta name=\"description\" content=\"Atrial fibrilasyon tedavisinde beta blokerler, antikoag\u00fclanlar ve ya\u015fam tarz\u0131 d\u00fczenlemeleri \u00f6nerilir. Kalp h\u0131z\u0131 ve ritmi kontrol edilir, p\u0131ht\u0131 olu\u015fumu \u00f6nlenir.\" \/>\n<meta name=\"robots\" content=\"index, follow, max-snippet:-1, max-image-preview:large, max-video-preview:-1\" \/>\n<link rel=\"canonical\" href=\"https:\/\/acilkonsultan.com\/receteler\/recete\/atrial-fibrilasyon\/\" \/>\n<meta property=\"og:locale\" content=\"tr_TR\" \/>\n<meta property=\"og:type\" content=\"article\" \/>\n<meta property=\"og:title\" content=\"Atrial Fibrilasyon - Acil Kons\u00fcltan Re\u00e7eteler\" \/>\n<meta property=\"og:description\" content=\"Atrial fibrilasyon tedavisinde beta blokerler, antikoag\u00fclanlar ve ya\u015fam tarz\u0131 d\u00fczenlemeleri \u00f6nerilir. Kalp h\u0131z\u0131 ve ritmi kontrol edilir, p\u0131ht\u0131 olu\u015fumu \u00f6nlenir.\" \/>\n<meta property=\"og:url\" content=\"https:\/\/acilkonsultan.com\/receteler\/recete\/atrial-fibrilasyon\/\" \/>\n<meta property=\"og:site_name\" content=\"Acil Kons\u00fcltan Re\u00e7eteler\" \/>\n<meta property=\"article:modified_time\" content=\"2024-11-04T12:47:14+00:00\" \/>\n<meta property=\"og:image\" content=\"https:\/\/acilkonsultan.com\/receteler\/wp-content\/uploads\/2024\/10\/recete_25.1039-scaled.jpg\" \/>\n\t<meta property=\"og:image:width\" content=\"2560\" \/>\n\t<meta property=\"og:image:height\" content=\"2560\" \/>\n\t<meta property=\"og:image:type\" content=\"image\/jpeg\" \/>\n<meta name=\"twitter:card\" content=\"summary_large_image\" \/>\n<meta name=\"twitter:label1\" content=\"Tahmini okuma s\u00fcresi\" \/>\n\t<meta name=\"twitter:data1\" content=\"2 dakika\" \/>\n<script type=\"application\/ld+json\" class=\"yoast-schema-graph\">{\"@context\":\"https:\\\/\\\/schema.org\",\"@graph\":[{\"@type\":\"WebPage\",\"@id\":\"https:\\\/\\\/acilkonsultan.com\\\/receteler\\\/recete\\\/atrial-fibrilasyon\\\/\",\"url\":\"https:\\\/\\\/acilkonsultan.com\\\/receteler\\\/recete\\\/atrial-fibrilasyon\\\/\",\"name\":\"Atrial Fibrilasyon - Acil Kons\u00fcltan Re\u00e7eteler\",\"isPartOf\":{\"@id\":\"https:\\\/\\\/acilkonsultan.com\\\/receteler\\\/#website\"},\"primaryImageOfPage\":{\"@id\":\"https:\\\/\\\/acilkonsultan.com\\\/receteler\\\/recete\\\/atrial-fibrilasyon\\\/#primaryimage\"},\"image\":{\"@id\":\"https:\\\/\\\/acilkonsultan.com\\\/receteler\\\/recete\\\/atrial-fibrilasyon\\\/#primaryimage\"},\"thumbnailUrl\":\"https:\\\/\\\/acilkonsultan.com\\\/receteler\\\/wp-content\\\/uploads\\\/2024\\\/10\\\/recete_25.1039-scaled.jpg\",\"datePublished\":\"2024-11-04T12:46:49+00:00\",\"dateModified\":\"2024-11-04T12:47:14+00:00\",\"description\":\"Atrial fibrilasyon tedavisinde beta blokerler, antikoag\u00fclanlar ve ya\u015fam tarz\u0131 d\u00fczenlemeleri \u00f6nerilir. Kalp h\u0131z\u0131 ve ritmi kontrol edilir, p\u0131ht\u0131 olu\u015fumu \u00f6nlenir.\",\"breadcrumb\":{\"@id\":\"https:\\\/\\\/acilkonsultan.com\\\/receteler\\\/recete\\\/atrial-fibrilasyon\\\/#breadcrumb\"},\"inLanguage\":\"tr\",\"potentialAction\":[{\"@type\":\"ReadAction\",\"target\":[\"https:\\\/\\\/acilkonsultan.com\\\/receteler\\\/recete\\\/atrial-fibrilasyon\\\/\"]}]},{\"@type\":\"ImageObject\",\"inLanguage\":\"tr\",\"@id\":\"https:\\\/\\\/acilkonsultan.com\\\/receteler\\\/recete\\\/atrial-fibrilasyon\\\/#primaryimage\",\"url\":\"https:\\\/\\\/acilkonsultan.com\\\/receteler\\\/wp-content\\\/uploads\\\/2024\\\/10\\\/recete_25.1039-scaled.jpg\",\"contentUrl\":\"https:\\\/\\\/acilkonsultan.com\\\/receteler\\\/wp-content\\\/uploads\\\/2024\\\/10\\\/recete_25.1039-scaled.jpg\",\"width\":2560,\"height\":2560},{\"@type\":\"BreadcrumbList\",\"@id\":\"https:\\\/\\\/acilkonsultan.com\\\/receteler\\\/recete\\\/atrial-fibrilasyon\\\/#breadcrumb\",\"itemListElement\":[{\"@type\":\"ListItem\",\"position\":1,\"name\":\"Anasayfa\",\"item\":\"https:\\\/\\\/acilkonsultan.com\\\/receteler\\\/\"},{\"@type\":\"ListItem\",\"position\":2,\"name\":\"\u00dcr\u00fcnler\",\"item\":\"https:\\\/\\\/acilkonsultan.com\\\/receteler\\\/shop\\\/\"},{\"@type\":\"ListItem\",\"position\":3,\"name\":\"Atrial Fibrilasyon\"}]},{\"@type\":\"WebSite\",\"@id\":\"https:\\\/\\\/acilkonsultan.com\\\/receteler\\\/#website\",\"url\":\"https:\\\/\\\/acilkonsultan.com\\\/receteler\\\/\",\"name\":\"Acilkonsultan Re\u00e7eteler\",\"description\":\"Acil Kons\u00fcltan, bir MedicalMark markas\u0131d\u0131r.\",\"publisher\":{\"@id\":\"https:\\\/\\\/acilkonsultan.com\\\/receteler\\\/#organization\"},\"potentialAction\":[{\"@type\":\"SearchAction\",\"target\":{\"@type\":\"EntryPoint\",\"urlTemplate\":\"https:\\\/\\\/acilkonsultan.com\\\/receteler\\\/?s={search_term_string}\"},\"query-input\":{\"@type\":\"PropertyValueSpecification\",\"valueRequired\":true,\"valueName\":\"search_term_string\"}}],\"inLanguage\":\"tr\"},{\"@type\":\"Organization\",\"@id\":\"https:\\\/\\\/acilkonsultan.com\\\/receteler\\\/#organization\",\"name\":\"Acilkonsultan Re\u00e7eteler\",\"url\":\"https:\\\/\\\/acilkonsultan.com\\\/receteler\\\/\",\"logo\":{\"@type\":\"ImageObject\",\"inLanguage\":\"tr\",\"@id\":\"https:\\\/\\\/acilkonsultan.com\\\/receteler\\\/#\\\/schema\\\/logo\\\/image\\\/\",\"url\":\"https:\\\/\\\/acilkonsultan.com\\\/receteler\\\/wp-content\\\/uploads\\\/2024\\\/11\\\/acil-konsultan-logotrn-10.png\",\"contentUrl\":\"https:\\\/\\\/acilkonsultan.com\\\/receteler\\\/wp-content\\\/uploads\\\/2024\\\/11\\\/acil-konsultan-logotrn-10.png\",\"width\":1113,\"height\":225,\"caption\":\"Acilkonsultan Re\u00e7eteler\"},\"image\":{\"@id\":\"https:\\\/\\\/acilkonsultan.com\\\/receteler\\\/#\\\/schema\\\/logo\\\/image\\\/\"}}]}<\/script>\n<!-- \/ Yoast SEO plugin. -->","yoast_head_json":{"title":"Atrial Fibrilasyon - Acil Kons\u00fcltan Re\u00e7eteler","description":"Atrial fibrilasyon tedavisinde beta blokerler, antikoag\u00fclanlar ve ya\u015fam tarz\u0131 d\u00fczenlemeleri \u00f6nerilir. Kalp h\u0131z\u0131 ve ritmi kontrol edilir, p\u0131ht\u0131 olu\u015fumu \u00f6nlenir.","robots":{"index":"index","follow":"follow","max-snippet":"max-snippet:-1","max-image-preview":"max-image-preview:large","max-video-preview":"max-video-preview:-1"},"canonical":"https:\/\/acilkonsultan.com\/receteler\/recete\/atrial-fibrilasyon\/","og_locale":"tr_TR","og_type":"article","og_title":"Atrial Fibrilasyon - Acil Kons\u00fcltan Re\u00e7eteler","og_description":"Atrial fibrilasyon tedavisinde beta blokerler, antikoag\u00fclanlar ve ya\u015fam tarz\u0131 d\u00fczenlemeleri \u00f6nerilir. Kalp h\u0131z\u0131 ve ritmi kontrol edilir, p\u0131ht\u0131 olu\u015fumu \u00f6nlenir.","og_url":"https:\/\/acilkonsultan.com\/receteler\/recete\/atrial-fibrilasyon\/","og_site_name":"Acil Kons\u00fcltan Re\u00e7eteler","article_modified_time":"2024-11-04T12:47:14+00:00","og_image":[{"width":2560,"height":2560,"url":"https:\/\/acilkonsultan.com\/receteler\/wp-content\/uploads\/2024\/10\/recete_25.1039-scaled.jpg","type":"image\/jpeg"}],"twitter_card":"summary_large_image","twitter_misc":{"Tahmini okuma s\u00fcresi":"2 dakika"},"schema":{"@context":"https:\/\/schema.org","@graph":[{"@type":"WebPage","@id":"https:\/\/acilkonsultan.com\/receteler\/recete\/atrial-fibrilasyon\/","url":"https:\/\/acilkonsultan.com\/receteler\/recete\/atrial-fibrilasyon\/","name":"Atrial Fibrilasyon - Acil Kons\u00fcltan Re\u00e7eteler","isPartOf":{"@id":"https:\/\/acilkonsultan.com\/receteler\/#website"},"primaryImageOfPage":{"@id":"https:\/\/acilkonsultan.com\/receteler\/recete\/atrial-fibrilasyon\/#primaryimage"},"image":{"@id":"https:\/\/acilkonsultan.com\/receteler\/recete\/atrial-fibrilasyon\/#primaryimage"},"thumbnailUrl":"https:\/\/acilkonsultan.com\/receteler\/wp-content\/uploads\/2024\/10\/recete_25.1039-scaled.jpg","datePublished":"2024-11-04T12:46:49+00:00","dateModified":"2024-11-04T12:47:14+00:00","description":"Atrial fibrilasyon tedavisinde beta blokerler, antikoag\u00fclanlar ve ya\u015fam tarz\u0131 d\u00fczenlemeleri \u00f6nerilir. Kalp h\u0131z\u0131 ve ritmi kontrol edilir, p\u0131ht\u0131 olu\u015fumu \u00f6nlenir.","breadcrumb":{"@id":"https:\/\/acilkonsultan.com\/receteler\/recete\/atrial-fibrilasyon\/#breadcrumb"},"inLanguage":"tr","potentialAction":[{"@type":"ReadAction","target":["https:\/\/acilkonsultan.com\/receteler\/recete\/atrial-fibrilasyon\/"]}]},{"@type":"ImageObject","inLanguage":"tr","@id":"https:\/\/acilkonsultan.com\/receteler\/recete\/atrial-fibrilasyon\/#primaryimage","url":"https:\/\/acilkonsultan.com\/receteler\/wp-content\/uploads\/2024\/10\/recete_25.1039-scaled.jpg","contentUrl":"https:\/\/acilkonsultan.com\/receteler\/wp-content\/uploads\/2024\/10\/recete_25.1039-scaled.jpg","width":2560,"height":2560},{"@type":"BreadcrumbList","@id":"https:\/\/acilkonsultan.com\/receteler\/recete\/atrial-fibrilasyon\/#breadcrumb","itemListElement":[{"@type":"ListItem","position":1,"name":"Anasayfa","item":"https:\/\/acilkonsultan.com\/receteler\/"},{"@type":"ListItem","position":2,"name":"\u00dcr\u00fcnler","item":"https:\/\/acilkonsultan.com\/receteler\/shop\/"},{"@type":"ListItem","position":3,"name":"Atrial Fibrilasyon"}]},{"@type":"WebSite","@id":"https:\/\/acilkonsultan.com\/receteler\/#website","url":"https:\/\/acilkonsultan.com\/receteler\/","name":"Acilkonsultan Re\u00e7eteler","description":"Acil Kons\u00fcltan, bir MedicalMark markas\u0131d\u0131r.","publisher":{"@id":"https:\/\/acilkonsultan.com\/receteler\/#organization"},"potentialAction":[{"@type":"SearchAction","target":{"@type":"EntryPoint","urlTemplate":"https:\/\/acilkonsultan.com\/receteler\/?s={search_term_string}"},"query-input":{"@type":"PropertyValueSpecification","valueRequired":true,"valueName":"search_term_string"}}],"inLanguage":"tr"},{"@type":"Organization","@id":"https:\/\/acilkonsultan.com\/receteler\/#organization","name":"Acilkonsultan Re\u00e7eteler","url":"https:\/\/acilkonsultan.com\/receteler\/","logo":{"@type":"ImageObject","inLanguage":"tr","@id":"https:\/\/acilkonsultan.com\/receteler\/#\/schema\/logo\/image\/","url":"https:\/\/acilkonsultan.com\/receteler\/wp-content\/uploads\/2024\/11\/acil-konsultan-logotrn-10.png","contentUrl":"https:\/\/acilkonsultan.com\/receteler\/wp-content\/uploads\/2024\/11\/acil-konsultan-logotrn-10.png","width":1113,"height":225,"caption":"Acilkonsultan Re\u00e7eteler"},"image":{"@id":"https:\/\/acilkonsultan.com\/receteler\/#\/schema\/logo\/image\/"}}]}},"_links":{"self":[{"href":"https:\/\/acilkonsultan.com\/receteler\/wp-json\/wp\/v2\/product\/1717","targetHints":{"allow":["GET"]}}],"collection":[{"href":"https:\/\/acilkonsultan.com\/receteler\/wp-json\/wp\/v2\/product"}],"about":[{"href":"https:\/\/acilkonsultan.com\/receteler\/wp-json\/wp\/v2\/types\/product"}],"wp:featuredmedia":[{"embeddable":true,"href":"https:\/\/acilkonsultan.com\/receteler\/wp-json\/wp\/v2\/media\/52"}],"wp:attachment":[{"href":"https:\/\/acilkonsultan.com\/receteler\/wp-json\/wp\/v2\/media?parent=1717"}],"wp:term":[{"taxonomy":"product_brand","embeddable":true,"href":"https:\/\/acilkonsultan.com\/receteler\/wp-json\/wp\/v2\/product_brand?post=1717"},{"taxonomy":"product_cat","embeddable":true,"href":"https:\/\/acilkonsultan.com\/receteler\/wp-json\/wp\/v2\/product_cat?post=1717"},{"taxonomy":"product_tag","embeddable":true,"href":"https:\/\/acilkonsultan.com\/receteler\/wp-json\/wp\/v2\/product_tag?post=1717"}],"curies":[{"name":"wp","href":"https:\/\/api.w.org\/{rel}","templated":true}]}}