{"id":1710,"date":"2024-11-04T15:37:33","date_gmt":"2024-11-04T12:37:33","guid":{"rendered":"https:\/\/acilkonsultan.com\/receteler\/?post_type=product&#038;p=1710"},"modified":"2024-11-04T15:37:34","modified_gmt":"2024-11-04T12:37:34","slug":"gonokoksik-uretrit","status":"publish","type":"product","link":"https:\/\/acilkonsultan.com\/receteler\/recete\/gonokoksik-uretrit\/","title":{"rendered":"Gonokoksik \u00dcretrit"},"content":{"rendered":"<p><strong>Gonokoksik \u00dcretrit: Klinik \u00d6zellikler ve Tedavi Yakla\u015f\u0131m\u0131<\/strong><\/p>\n<p>Gonokoksik \u00fcretrit, Neisseria gonorrhoeae bakterisinin neden oldu\u011fu, cinsel yolla bula\u015fan bir idrar yolu enfeksiyonudur. Genellikle idrar yaparken yanma, sar\u0131-ye\u015fil renkli ak\u0131nt\u0131 ve idrar yolu iritasyonu ile kendini g\u00f6sterir. Tedavi, enfeksiyonu h\u0131zla ortadan kald\u0131rmay\u0131 ve bula\u015f\u0131 \u00f6nlemeyi ama\u00e7lar.<\/p>\n<p><strong>Tedavi Yakla\u015f\u0131m\u0131<\/strong><\/p>\n<ul>\n<li><strong>Antibiyotik Tedavisi:<\/strong>\n<ul>\n<li><strong>Seftriakson (500 mg, intram\u00fcsk\u00fcler tek doz):<\/strong> Gonokoksik \u00fcretrit tedavisinde en yayg\u0131n olarak kullan\u0131lan antibiyotiktir. Enfeksiyonu h\u0131zla kontrol alt\u0131na al\u0131r.<\/li>\n<li><strong>Azitromisin (2 g, tek doz, oral):<\/strong> Seftriakson tedavisine ek olarak, klamidya gibi e\u015flik eden olas\u0131 di\u011fer enfeksiyonlar\u0131 da tedavi etmek i\u00e7in verilir.<\/li>\n<\/ul>\n<\/li>\n<li><strong>Alternatif Tedavi Protokolleri:<\/strong>\n<ul>\n<li><strong>Gentamisin (240 mg, intram\u00fcsk\u00fcler, tek doz) + Azitromisin (2 g, oral):<\/strong> Seftriaksonun bulunmad\u0131\u011f\u0131 veya hastan\u0131n alerjisi oldu\u011fu durumlarda alternatif tedavi olarak tercih edilebilir.<\/li>\n<\/ul>\n<\/li>\n<li><strong>Cinsel Partnerlerin Tedavisi:<\/strong>\n<ul>\n<li>Gonokoksik \u00fcretrit bula\u015f\u0131c\u0131 bir hastal\u0131k oldu\u011fundan, enfekte ki\u015finin cinsel partnerlerinin de muayene edilmesi ve tedavi edilmesi \u00f6nemlidir. Partner tedavisi yap\u0131lmazsa yeniden enfeksiyon riski artar.<\/li>\n<\/ul>\n<\/li>\n<li><strong>Cinsel Aktiviteden Ka\u00e7\u0131nma:<\/strong>\n<ul>\n<li>Tedavi s\u00fcresince ve belirtiler tamamen ge\u00e7ene kadar cinsel ili\u015fkiden ka\u00e7\u0131n\u0131lmas\u0131 \u00f6nerilir. Tedavi sonras\u0131 korunma \u00f6nlemleri al\u0131narak cinsel ili\u015fkiye ba\u015flanmal\u0131d\u0131r.<\/li>\n<\/ul>\n<\/li>\n<\/ul>\n<p><strong>Koruyucu \u00d6nlemler<\/strong> Gonokoksik \u00fcretrit riskini azaltmak i\u00e7in prezervatif kullan\u0131m\u0131, d\u00fczenli cinsel sa\u011fl\u0131k kontrolleri ve cinsel partner say\u0131s\u0131n\u0131n s\u0131n\u0131rland\u0131r\u0131lmas\u0131 \u00f6nemlidir. Enfeksiyon belirtileri g\u00f6r\u00fcld\u00fc\u011f\u00fcnde erken tedavi, komplikasyonlar\u0131n \u00f6nlenmesine yard\u0131mc\u0131 olur.<\/p>\n","protected":false},"excerpt":{"rendered":"<p>Gonokoksik \u00dcretrit: Klinik \u00d6zellikler ve Tedavi Yakla\u015f\u0131m\u0131 Gonokoksik \u00fcretrit, Neisseria gonorrhoeae bakterisinin neden oldu\u011fu, cinsel yolla bula\u015fan bir idrar yolu<\/p>\n","protected":false},"featured_media":59,"template":"","meta":[],"product_brand":[],"product_cat":[23],"product_tag":[],"class_list":{"0":"post-1710","1":"product","2":"type-product","3":"status-publish","4":"has-post-thumbnail","6":"product_cat-uroloji","8":"first","9":"instock","10":"shipping-taxable","11":"product-type-simple"},"yoast_head":"<!-- This site is optimized with the Yoast SEO plugin v27.6 - https:\/\/yoast.com\/product\/yoast-seo-wordpress\/ -->\n<title>Gonokoksik \u00dcretrit - Acil Kons\u00fcltan Re\u00e7eteler<\/title>\n<meta name=\"description\" content=\"Gonokoksik \u00fcretrit tedavisinde seftriakson ve azitromisin kullan\u0131l\u0131r. Partner tedavisi ve korunma \u00f6nlemleri yeniden enfeksiyonu \u00f6nlemeye yard\u0131mc\u0131d\u0131r.\" \/>\n<meta name=\"robots\" content=\"index, follow, max-snippet:-1, max-image-preview:large, max-video-preview:-1\" \/>\n<link rel=\"canonical\" href=\"https:\/\/acilkonsultan.com\/receteler\/recete\/gonokoksik-uretrit\/\" \/>\n<meta property=\"og:locale\" content=\"tr_TR\" \/>\n<meta property=\"og:type\" content=\"article\" \/>\n<meta property=\"og:title\" content=\"Gonokoksik \u00dcretrit - Acil Kons\u00fcltan Re\u00e7eteler\" \/>\n<meta property=\"og:description\" content=\"Gonokoksik \u00fcretrit tedavisinde seftriakson ve azitromisin kullan\u0131l\u0131r. Partner tedavisi ve korunma \u00f6nlemleri yeniden enfeksiyonu \u00f6nlemeye yard\u0131mc\u0131d\u0131r.\" \/>\n<meta property=\"og:url\" content=\"https:\/\/acilkonsultan.com\/receteler\/recete\/gonokoksik-uretrit\/\" \/>\n<meta property=\"og:site_name\" content=\"Acil Kons\u00fcltan Re\u00e7eteler\" \/>\n<meta property=\"article:modified_time\" content=\"2024-11-04T12:37:34+00:00\" \/>\n<meta property=\"og:image\" content=\"https:\/\/acilkonsultan.com\/receteler\/wp-content\/uploads\/2024\/10\/recete_25.1046-scaled.jpg\" \/>\n\t<meta property=\"og:image:width\" content=\"2560\" \/>\n\t<meta property=\"og:image:height\" content=\"2560\" \/>\n\t<meta property=\"og:image:type\" content=\"image\/jpeg\" \/>\n<meta name=\"twitter:card\" content=\"summary_large_image\" \/>\n<meta name=\"twitter:label1\" content=\"Tahmini okuma s\u00fcresi\" \/>\n\t<meta name=\"twitter:data1\" content=\"2 dakika\" \/>\n<script type=\"application\/ld+json\" class=\"yoast-schema-graph\">{\"@context\":\"https:\\\/\\\/schema.org\",\"@graph\":[{\"@type\":\"WebPage\",\"@id\":\"https:\\\/\\\/acilkonsultan.com\\\/receteler\\\/recete\\\/gonokoksik-uretrit\\\/\",\"url\":\"https:\\\/\\\/acilkonsultan.com\\\/receteler\\\/recete\\\/gonokoksik-uretrit\\\/\",\"name\":\"Gonokoksik \u00dcretrit - Acil Kons\u00fcltan Re\u00e7eteler\",\"isPartOf\":{\"@id\":\"https:\\\/\\\/acilkonsultan.com\\\/receteler\\\/#website\"},\"primaryImageOfPage\":{\"@id\":\"https:\\\/\\\/acilkonsultan.com\\\/receteler\\\/recete\\\/gonokoksik-uretrit\\\/#primaryimage\"},\"image\":{\"@id\":\"https:\\\/\\\/acilkonsultan.com\\\/receteler\\\/recete\\\/gonokoksik-uretrit\\\/#primaryimage\"},\"thumbnailUrl\":\"https:\\\/\\\/acilkonsultan.com\\\/receteler\\\/wp-content\\\/uploads\\\/2024\\\/10\\\/recete_25.1046-scaled.jpg\",\"datePublished\":\"2024-11-04T12:37:33+00:00\",\"dateModified\":\"2024-11-04T12:37:34+00:00\",\"description\":\"Gonokoksik \u00fcretrit tedavisinde seftriakson ve azitromisin kullan\u0131l\u0131r. Partner tedavisi ve korunma \u00f6nlemleri yeniden enfeksiyonu \u00f6nlemeye yard\u0131mc\u0131d\u0131r.\",\"breadcrumb\":{\"@id\":\"https:\\\/\\\/acilkonsultan.com\\\/receteler\\\/recete\\\/gonokoksik-uretrit\\\/#breadcrumb\"},\"inLanguage\":\"tr\",\"potentialAction\":[{\"@type\":\"ReadAction\",\"target\":[\"https:\\\/\\\/acilkonsultan.com\\\/receteler\\\/recete\\\/gonokoksik-uretrit\\\/\"]}]},{\"@type\":\"ImageObject\",\"inLanguage\":\"tr\",\"@id\":\"https:\\\/\\\/acilkonsultan.com\\\/receteler\\\/recete\\\/gonokoksik-uretrit\\\/#primaryimage\",\"url\":\"https:\\\/\\\/acilkonsultan.com\\\/receteler\\\/wp-content\\\/uploads\\\/2024\\\/10\\\/recete_25.1046-scaled.jpg\",\"contentUrl\":\"https:\\\/\\\/acilkonsultan.com\\\/receteler\\\/wp-content\\\/uploads\\\/2024\\\/10\\\/recete_25.1046-scaled.jpg\",\"width\":2560,\"height\":2560},{\"@type\":\"BreadcrumbList\",\"@id\":\"https:\\\/\\\/acilkonsultan.com\\\/receteler\\\/recete\\\/gonokoksik-uretrit\\\/#breadcrumb\",\"itemListElement\":[{\"@type\":\"ListItem\",\"position\":1,\"name\":\"Anasayfa\",\"item\":\"https:\\\/\\\/acilkonsultan.com\\\/receteler\\\/\"},{\"@type\":\"ListItem\",\"position\":2,\"name\":\"\u00dcr\u00fcnler\",\"item\":\"https:\\\/\\\/acilkonsultan.com\\\/receteler\\\/shop\\\/\"},{\"@type\":\"ListItem\",\"position\":3,\"name\":\"Gonokoksik \u00dcretrit\"}]},{\"@type\":\"WebSite\",\"@id\":\"https:\\\/\\\/acilkonsultan.com\\\/receteler\\\/#website\",\"url\":\"https:\\\/\\\/acilkonsultan.com\\\/receteler\\\/\",\"name\":\"Acilkonsultan Re\u00e7eteler\",\"description\":\"Acil Kons\u00fcltan, bir MedicalMark markas\u0131d\u0131r.\",\"publisher\":{\"@id\":\"https:\\\/\\\/acilkonsultan.com\\\/receteler\\\/#organization\"},\"potentialAction\":[{\"@type\":\"SearchAction\",\"target\":{\"@type\":\"EntryPoint\",\"urlTemplate\":\"https:\\\/\\\/acilkonsultan.com\\\/receteler\\\/?s={search_term_string}\"},\"query-input\":{\"@type\":\"PropertyValueSpecification\",\"valueRequired\":true,\"valueName\":\"search_term_string\"}}],\"inLanguage\":\"tr\"},{\"@type\":\"Organization\",\"@id\":\"https:\\\/\\\/acilkonsultan.com\\\/receteler\\\/#organization\",\"name\":\"Acilkonsultan Re\u00e7eteler\",\"url\":\"https:\\\/\\\/acilkonsultan.com\\\/receteler\\\/\",\"logo\":{\"@type\":\"ImageObject\",\"inLanguage\":\"tr\",\"@id\":\"https:\\\/\\\/acilkonsultan.com\\\/receteler\\\/#\\\/schema\\\/logo\\\/image\\\/\",\"url\":\"https:\\\/\\\/acilkonsultan.com\\\/receteler\\\/wp-content\\\/uploads\\\/2024\\\/11\\\/acil-konsultan-logotrn-10.png\",\"contentUrl\":\"https:\\\/\\\/acilkonsultan.com\\\/receteler\\\/wp-content\\\/uploads\\\/2024\\\/11\\\/acil-konsultan-logotrn-10.png\",\"width\":1113,\"height\":225,\"caption\":\"Acilkonsultan Re\u00e7eteler\"},\"image\":{\"@id\":\"https:\\\/\\\/acilkonsultan.com\\\/receteler\\\/#\\\/schema\\\/logo\\\/image\\\/\"}}]}<\/script>\n<!-- \/ Yoast SEO plugin. -->","yoast_head_json":{"title":"Gonokoksik \u00dcretrit - Acil Kons\u00fcltan Re\u00e7eteler","description":"Gonokoksik \u00fcretrit tedavisinde seftriakson ve azitromisin kullan\u0131l\u0131r. Partner tedavisi ve korunma \u00f6nlemleri yeniden enfeksiyonu \u00f6nlemeye yard\u0131mc\u0131d\u0131r.","robots":{"index":"index","follow":"follow","max-snippet":"max-snippet:-1","max-image-preview":"max-image-preview:large","max-video-preview":"max-video-preview:-1"},"canonical":"https:\/\/acilkonsultan.com\/receteler\/recete\/gonokoksik-uretrit\/","og_locale":"tr_TR","og_type":"article","og_title":"Gonokoksik \u00dcretrit - Acil Kons\u00fcltan Re\u00e7eteler","og_description":"Gonokoksik \u00fcretrit tedavisinde seftriakson ve azitromisin kullan\u0131l\u0131r. Partner tedavisi ve korunma \u00f6nlemleri yeniden enfeksiyonu \u00f6nlemeye yard\u0131mc\u0131d\u0131r.","og_url":"https:\/\/acilkonsultan.com\/receteler\/recete\/gonokoksik-uretrit\/","og_site_name":"Acil Kons\u00fcltan Re\u00e7eteler","article_modified_time":"2024-11-04T12:37:34+00:00","og_image":[{"width":2560,"height":2560,"url":"https:\/\/acilkonsultan.com\/receteler\/wp-content\/uploads\/2024\/10\/recete_25.1046-scaled.jpg","type":"image\/jpeg"}],"twitter_card":"summary_large_image","twitter_misc":{"Tahmini okuma s\u00fcresi":"2 dakika"},"schema":{"@context":"https:\/\/schema.org","@graph":[{"@type":"WebPage","@id":"https:\/\/acilkonsultan.com\/receteler\/recete\/gonokoksik-uretrit\/","url":"https:\/\/acilkonsultan.com\/receteler\/recete\/gonokoksik-uretrit\/","name":"Gonokoksik \u00dcretrit - Acil Kons\u00fcltan Re\u00e7eteler","isPartOf":{"@id":"https:\/\/acilkonsultan.com\/receteler\/#website"},"primaryImageOfPage":{"@id":"https:\/\/acilkonsultan.com\/receteler\/recete\/gonokoksik-uretrit\/#primaryimage"},"image":{"@id":"https:\/\/acilkonsultan.com\/receteler\/recete\/gonokoksik-uretrit\/#primaryimage"},"thumbnailUrl":"https:\/\/acilkonsultan.com\/receteler\/wp-content\/uploads\/2024\/10\/recete_25.1046-scaled.jpg","datePublished":"2024-11-04T12:37:33+00:00","dateModified":"2024-11-04T12:37:34+00:00","description":"Gonokoksik \u00fcretrit tedavisinde seftriakson ve azitromisin kullan\u0131l\u0131r. Partner tedavisi ve korunma \u00f6nlemleri yeniden enfeksiyonu \u00f6nlemeye yard\u0131mc\u0131d\u0131r.","breadcrumb":{"@id":"https:\/\/acilkonsultan.com\/receteler\/recete\/gonokoksik-uretrit\/#breadcrumb"},"inLanguage":"tr","potentialAction":[{"@type":"ReadAction","target":["https:\/\/acilkonsultan.com\/receteler\/recete\/gonokoksik-uretrit\/"]}]},{"@type":"ImageObject","inLanguage":"tr","@id":"https:\/\/acilkonsultan.com\/receteler\/recete\/gonokoksik-uretrit\/#primaryimage","url":"https:\/\/acilkonsultan.com\/receteler\/wp-content\/uploads\/2024\/10\/recete_25.1046-scaled.jpg","contentUrl":"https:\/\/acilkonsultan.com\/receteler\/wp-content\/uploads\/2024\/10\/recete_25.1046-scaled.jpg","width":2560,"height":2560},{"@type":"BreadcrumbList","@id":"https:\/\/acilkonsultan.com\/receteler\/recete\/gonokoksik-uretrit\/#breadcrumb","itemListElement":[{"@type":"ListItem","position":1,"name":"Anasayfa","item":"https:\/\/acilkonsultan.com\/receteler\/"},{"@type":"ListItem","position":2,"name":"\u00dcr\u00fcnler","item":"https:\/\/acilkonsultan.com\/receteler\/shop\/"},{"@type":"ListItem","position":3,"name":"Gonokoksik \u00dcretrit"}]},{"@type":"WebSite","@id":"https:\/\/acilkonsultan.com\/receteler\/#website","url":"https:\/\/acilkonsultan.com\/receteler\/","name":"Acilkonsultan Re\u00e7eteler","description":"Acil Kons\u00fcltan, bir MedicalMark markas\u0131d\u0131r.","publisher":{"@id":"https:\/\/acilkonsultan.com\/receteler\/#organization"},"potentialAction":[{"@type":"SearchAction","target":{"@type":"EntryPoint","urlTemplate":"https:\/\/acilkonsultan.com\/receteler\/?s={search_term_string}"},"query-input":{"@type":"PropertyValueSpecification","valueRequired":true,"valueName":"search_term_string"}}],"inLanguage":"tr"},{"@type":"Organization","@id":"https:\/\/acilkonsultan.com\/receteler\/#organization","name":"Acilkonsultan Re\u00e7eteler","url":"https:\/\/acilkonsultan.com\/receteler\/","logo":{"@type":"ImageObject","inLanguage":"tr","@id":"https:\/\/acilkonsultan.com\/receteler\/#\/schema\/logo\/image\/","url":"https:\/\/acilkonsultan.com\/receteler\/wp-content\/uploads\/2024\/11\/acil-konsultan-logotrn-10.png","contentUrl":"https:\/\/acilkonsultan.com\/receteler\/wp-content\/uploads\/2024\/11\/acil-konsultan-logotrn-10.png","width":1113,"height":225,"caption":"Acilkonsultan Re\u00e7eteler"},"image":{"@id":"https:\/\/acilkonsultan.com\/receteler\/#\/schema\/logo\/image\/"}}]}},"_links":{"self":[{"href":"https:\/\/acilkonsultan.com\/receteler\/wp-json\/wp\/v2\/product\/1710","targetHints":{"allow":["GET"]}}],"collection":[{"href":"https:\/\/acilkonsultan.com\/receteler\/wp-json\/wp\/v2\/product"}],"about":[{"href":"https:\/\/acilkonsultan.com\/receteler\/wp-json\/wp\/v2\/types\/product"}],"wp:featuredmedia":[{"embeddable":true,"href":"https:\/\/acilkonsultan.com\/receteler\/wp-json\/wp\/v2\/media\/59"}],"wp:attachment":[{"href":"https:\/\/acilkonsultan.com\/receteler\/wp-json\/wp\/v2\/media?parent=1710"}],"wp:term":[{"taxonomy":"product_brand","embeddable":true,"href":"https:\/\/acilkonsultan.com\/receteler\/wp-json\/wp\/v2\/product_brand?post=1710"},{"taxonomy":"product_cat","embeddable":true,"href":"https:\/\/acilkonsultan.com\/receteler\/wp-json\/wp\/v2\/product_cat?post=1710"},{"taxonomy":"product_tag","embeddable":true,"href":"https:\/\/acilkonsultan.com\/receteler\/wp-json\/wp\/v2\/product_tag?post=1710"}],"curies":[{"name":"wp","href":"https:\/\/api.w.org\/{rel}","templated":true}]}}