{"id":1603,"date":"2024-11-02T00:38:09","date_gmt":"2024-11-01T21:38:09","guid":{"rendered":"https:\/\/acilkonsultan.com\/receteler\/?post_type=product&#038;p=1603"},"modified":"2024-11-02T00:38:09","modified_gmt":"2024-11-01T21:38:09","slug":"zona-zoster","status":"publish","type":"product","link":"https:\/\/acilkonsultan.com\/receteler\/recete\/zona-zoster\/","title":{"rendered":"Zona Zoster"},"content":{"rendered":"<p><strong>Zona Zoster (Herpes Zoster): Klinik \u00d6zellikler ve Tedavi Yakla\u015f\u0131m\u0131<\/strong><\/p>\n<p>Zona zoster, varicella zoster vir\u00fcs\u00fcn\u00fcn neden oldu\u011fu, sinir k\u00f6klerine yerle\u015ferek yeniden aktive olan viral bir enfeksiyondur. \u00c7o\u011funlukla ba\u011f\u0131\u015f\u0131kl\u0131k sistemi zay\u0131flad\u0131\u011f\u0131nda veya ya\u015fla birlikte yeniden aktive olur ve sinir boyunca \u015fiddetli a\u011fr\u0131 ile birlikte deri d\u00f6k\u00fcnt\u00fcleri (vezik\u00fcler lezyonlar) ile karakterizedir. D\u00f6k\u00fcnt\u00fcler, v\u00fccudun tek taraf\u0131nda bant \u015feklinde yay\u0131l\u0131r ve yayg\u0131n olarak g\u00f6vde, y\u00fcz veya boyunda g\u00f6r\u00fcl\u00fcr.<\/p>\n<p><strong>Tedavi Yakla\u015f\u0131m\u0131<\/strong> Zona tedavisinde, vir\u00fcs replikasyonunu azaltmak ve a\u011fr\u0131y\u0131 kontrol alt\u0131na almak i\u00e7in antiviral tedavi tercih edilir. \u0130lk 72 saat i\u00e7inde ba\u015flanan antiviral tedavi (\u00f6rne\u011fin, Valasiklovir 1 g g\u00fcnde 3 kez, 7 g\u00fcn boyunca) hastal\u0131\u011f\u0131n s\u00fcresini ve \u015fiddetini azaltmada etkilidir. A\u011fr\u0131y\u0131 kontrol alt\u0131na almak i\u00e7in non-steroid anti-inflamatuar ila\u00e7lar veya gerekti\u011finde gabapentin gibi sinir a\u011fr\u0131s\u0131 ila\u00e7lar\u0131 eklenebilir. A\u011fr\u0131 kal\u0131c\u0131 hale geldi\u011finde postherpetik nevralji riski artar; bu durumda uzun s\u00fcreli a\u011fr\u0131 kontrol\u00fc \u00f6nemlidir.<\/p>\n<p><strong>Takip ve \u00d6nlemler<\/strong> Zona a\u015f\u0131s\u0131, \u00f6zellikle ya\u015fl\u0131 bireylerde vir\u00fcs\u00fcn reaktivasyonunu \u00f6nlemek i\u00e7in \u00f6nerilebilir. Ba\u011f\u0131\u015f\u0131kl\u0131k sistemi zay\u0131f olan bireylerde daha a\u011f\u0131r seyredebildi\u011finden, bu grupta erken tan\u0131 ve tedavi \u00f6nemlidir.<\/p>\n","protected":false},"excerpt":{"rendered":"<p>Zona Zoster (Herpes Zoster): Klinik \u00d6zellikler ve Tedavi Yakla\u015f\u0131m\u0131 Zona zoster, varicella zoster vir\u00fcs\u00fcn\u00fcn neden oldu\u011fu, sinir k\u00f6klerine yerle\u015ferek yeniden<\/p>\n","protected":false},"featured_media":117,"template":"","meta":[],"product_brand":[],"product_cat":[18],"product_tag":[],"class_list":{"0":"post-1603","1":"product","2":"type-product","3":"status-publish","4":"has-post-thumbnail","6":"product_cat-cilt-hastaliklari","8":"first","9":"instock","10":"shipping-taxable","11":"product-type-simple"},"yoast_head":"<!-- This site is optimized with the Yoast SEO plugin v27.6 - https:\/\/yoast.com\/product\/yoast-seo-wordpress\/ -->\n<title>Zona Zoster - Acil Kons\u00fcltan Re\u00e7eteler<\/title>\n<meta name=\"description\" content=\"Zona tedavisinde erken antiviral kullan\u0131m a\u011fr\u0131y\u0131 azaltabilir. Herpes zoster semptomlar\u0131n\u0131 ve tedavi \u00f6nerilerini ke\u015ffedin.\" \/>\n<meta name=\"robots\" content=\"index, follow, max-snippet:-1, max-image-preview:large, max-video-preview:-1\" \/>\n<link rel=\"canonical\" href=\"https:\/\/acilkonsultan.com\/receteler\/recete\/zona-zoster\/\" \/>\n<meta property=\"og:locale\" content=\"tr_TR\" \/>\n<meta property=\"og:type\" content=\"article\" \/>\n<meta property=\"og:title\" content=\"Zona Zoster - Acil Kons\u00fcltan Re\u00e7eteler\" \/>\n<meta property=\"og:description\" content=\"Zona tedavisinde erken antiviral kullan\u0131m a\u011fr\u0131y\u0131 azaltabilir. Herpes zoster semptomlar\u0131n\u0131 ve tedavi \u00f6nerilerini ke\u015ffedin.\" \/>\n<meta property=\"og:url\" content=\"https:\/\/acilkonsultan.com\/receteler\/recete\/zona-zoster\/\" \/>\n<meta property=\"og:site_name\" content=\"Acil Kons\u00fcltan Re\u00e7eteler\" \/>\n<meta property=\"og:image\" content=\"https:\/\/acilkonsultan.com\/receteler\/wp-content\/uploads\/2024\/10\/recete_25.10103-scaled.jpg\" \/>\n\t<meta property=\"og:image:width\" content=\"2560\" \/>\n\t<meta property=\"og:image:height\" content=\"2560\" \/>\n\t<meta property=\"og:image:type\" content=\"image\/jpeg\" \/>\n<meta name=\"twitter:card\" content=\"summary_large_image\" \/>\n<meta name=\"twitter:label1\" content=\"Tahmini okuma s\u00fcresi\" \/>\n\t<meta name=\"twitter:data1\" content=\"2 dakika\" \/>\n<script type=\"application\/ld+json\" class=\"yoast-schema-graph\">{\"@context\":\"https:\\\/\\\/schema.org\",\"@graph\":[{\"@type\":\"WebPage\",\"@id\":\"https:\\\/\\\/acilkonsultan.com\\\/receteler\\\/recete\\\/zona-zoster\\\/\",\"url\":\"https:\\\/\\\/acilkonsultan.com\\\/receteler\\\/recete\\\/zona-zoster\\\/\",\"name\":\"Zona Zoster - Acil Kons\u00fcltan Re\u00e7eteler\",\"isPartOf\":{\"@id\":\"https:\\\/\\\/acilkonsultan.com\\\/receteler\\\/#website\"},\"primaryImageOfPage\":{\"@id\":\"https:\\\/\\\/acilkonsultan.com\\\/receteler\\\/recete\\\/zona-zoster\\\/#primaryimage\"},\"image\":{\"@id\":\"https:\\\/\\\/acilkonsultan.com\\\/receteler\\\/recete\\\/zona-zoster\\\/#primaryimage\"},\"thumbnailUrl\":\"https:\\\/\\\/acilkonsultan.com\\\/receteler\\\/wp-content\\\/uploads\\\/2024\\\/10\\\/recete_25.10103-scaled.jpg\",\"datePublished\":\"2024-11-01T21:38:09+00:00\",\"description\":\"Zona tedavisinde erken antiviral kullan\u0131m a\u011fr\u0131y\u0131 azaltabilir. Herpes zoster semptomlar\u0131n\u0131 ve tedavi \u00f6nerilerini ke\u015ffedin.\",\"breadcrumb\":{\"@id\":\"https:\\\/\\\/acilkonsultan.com\\\/receteler\\\/recete\\\/zona-zoster\\\/#breadcrumb\"},\"inLanguage\":\"tr\",\"potentialAction\":[{\"@type\":\"ReadAction\",\"target\":[\"https:\\\/\\\/acilkonsultan.com\\\/receteler\\\/recete\\\/zona-zoster\\\/\"]}]},{\"@type\":\"ImageObject\",\"inLanguage\":\"tr\",\"@id\":\"https:\\\/\\\/acilkonsultan.com\\\/receteler\\\/recete\\\/zona-zoster\\\/#primaryimage\",\"url\":\"https:\\\/\\\/acilkonsultan.com\\\/receteler\\\/wp-content\\\/uploads\\\/2024\\\/10\\\/recete_25.10103-scaled.jpg\",\"contentUrl\":\"https:\\\/\\\/acilkonsultan.com\\\/receteler\\\/wp-content\\\/uploads\\\/2024\\\/10\\\/recete_25.10103-scaled.jpg\",\"width\":2560,\"height\":2560},{\"@type\":\"BreadcrumbList\",\"@id\":\"https:\\\/\\\/acilkonsultan.com\\\/receteler\\\/recete\\\/zona-zoster\\\/#breadcrumb\",\"itemListElement\":[{\"@type\":\"ListItem\",\"position\":1,\"name\":\"Anasayfa\",\"item\":\"https:\\\/\\\/acilkonsultan.com\\\/receteler\\\/\"},{\"@type\":\"ListItem\",\"position\":2,\"name\":\"\u00dcr\u00fcnler\",\"item\":\"https:\\\/\\\/acilkonsultan.com\\\/receteler\\\/shop\\\/\"},{\"@type\":\"ListItem\",\"position\":3,\"name\":\"Zona Zoster\"}]},{\"@type\":\"WebSite\",\"@id\":\"https:\\\/\\\/acilkonsultan.com\\\/receteler\\\/#website\",\"url\":\"https:\\\/\\\/acilkonsultan.com\\\/receteler\\\/\",\"name\":\"Acilkonsultan Re\u00e7eteler\",\"description\":\"Acil Kons\u00fcltan, bir MedicalMark markas\u0131d\u0131r.\",\"publisher\":{\"@id\":\"https:\\\/\\\/acilkonsultan.com\\\/receteler\\\/#organization\"},\"potentialAction\":[{\"@type\":\"SearchAction\",\"target\":{\"@type\":\"EntryPoint\",\"urlTemplate\":\"https:\\\/\\\/acilkonsultan.com\\\/receteler\\\/?s={search_term_string}\"},\"query-input\":{\"@type\":\"PropertyValueSpecification\",\"valueRequired\":true,\"valueName\":\"search_term_string\"}}],\"inLanguage\":\"tr\"},{\"@type\":\"Organization\",\"@id\":\"https:\\\/\\\/acilkonsultan.com\\\/receteler\\\/#organization\",\"name\":\"Acilkonsultan Re\u00e7eteler\",\"url\":\"https:\\\/\\\/acilkonsultan.com\\\/receteler\\\/\",\"logo\":{\"@type\":\"ImageObject\",\"inLanguage\":\"tr\",\"@id\":\"https:\\\/\\\/acilkonsultan.com\\\/receteler\\\/#\\\/schema\\\/logo\\\/image\\\/\",\"url\":\"https:\\\/\\\/acilkonsultan.com\\\/receteler\\\/wp-content\\\/uploads\\\/2024\\\/11\\\/acil-konsultan-logotrn-10.png\",\"contentUrl\":\"https:\\\/\\\/acilkonsultan.com\\\/receteler\\\/wp-content\\\/uploads\\\/2024\\\/11\\\/acil-konsultan-logotrn-10.png\",\"width\":1113,\"height\":225,\"caption\":\"Acilkonsultan Re\u00e7eteler\"},\"image\":{\"@id\":\"https:\\\/\\\/acilkonsultan.com\\\/receteler\\\/#\\\/schema\\\/logo\\\/image\\\/\"}}]}<\/script>\n<!-- \/ Yoast SEO plugin. -->","yoast_head_json":{"title":"Zona Zoster - Acil Kons\u00fcltan Re\u00e7eteler","description":"Zona tedavisinde erken antiviral kullan\u0131m a\u011fr\u0131y\u0131 azaltabilir. Herpes zoster semptomlar\u0131n\u0131 ve tedavi \u00f6nerilerini ke\u015ffedin.","robots":{"index":"index","follow":"follow","max-snippet":"max-snippet:-1","max-image-preview":"max-image-preview:large","max-video-preview":"max-video-preview:-1"},"canonical":"https:\/\/acilkonsultan.com\/receteler\/recete\/zona-zoster\/","og_locale":"tr_TR","og_type":"article","og_title":"Zona Zoster - Acil Kons\u00fcltan Re\u00e7eteler","og_description":"Zona tedavisinde erken antiviral kullan\u0131m a\u011fr\u0131y\u0131 azaltabilir. Herpes zoster semptomlar\u0131n\u0131 ve tedavi \u00f6nerilerini ke\u015ffedin.","og_url":"https:\/\/acilkonsultan.com\/receteler\/recete\/zona-zoster\/","og_site_name":"Acil Kons\u00fcltan Re\u00e7eteler","og_image":[{"width":2560,"height":2560,"url":"https:\/\/acilkonsultan.com\/receteler\/wp-content\/uploads\/2024\/10\/recete_25.10103-scaled.jpg","type":"image\/jpeg"}],"twitter_card":"summary_large_image","twitter_misc":{"Tahmini okuma s\u00fcresi":"2 dakika"},"schema":{"@context":"https:\/\/schema.org","@graph":[{"@type":"WebPage","@id":"https:\/\/acilkonsultan.com\/receteler\/recete\/zona-zoster\/","url":"https:\/\/acilkonsultan.com\/receteler\/recete\/zona-zoster\/","name":"Zona Zoster - Acil Kons\u00fcltan Re\u00e7eteler","isPartOf":{"@id":"https:\/\/acilkonsultan.com\/receteler\/#website"},"primaryImageOfPage":{"@id":"https:\/\/acilkonsultan.com\/receteler\/recete\/zona-zoster\/#primaryimage"},"image":{"@id":"https:\/\/acilkonsultan.com\/receteler\/recete\/zona-zoster\/#primaryimage"},"thumbnailUrl":"https:\/\/acilkonsultan.com\/receteler\/wp-content\/uploads\/2024\/10\/recete_25.10103-scaled.jpg","datePublished":"2024-11-01T21:38:09+00:00","description":"Zona tedavisinde erken antiviral kullan\u0131m a\u011fr\u0131y\u0131 azaltabilir. Herpes zoster semptomlar\u0131n\u0131 ve tedavi \u00f6nerilerini ke\u015ffedin.","breadcrumb":{"@id":"https:\/\/acilkonsultan.com\/receteler\/recete\/zona-zoster\/#breadcrumb"},"inLanguage":"tr","potentialAction":[{"@type":"ReadAction","target":["https:\/\/acilkonsultan.com\/receteler\/recete\/zona-zoster\/"]}]},{"@type":"ImageObject","inLanguage":"tr","@id":"https:\/\/acilkonsultan.com\/receteler\/recete\/zona-zoster\/#primaryimage","url":"https:\/\/acilkonsultan.com\/receteler\/wp-content\/uploads\/2024\/10\/recete_25.10103-scaled.jpg","contentUrl":"https:\/\/acilkonsultan.com\/receteler\/wp-content\/uploads\/2024\/10\/recete_25.10103-scaled.jpg","width":2560,"height":2560},{"@type":"BreadcrumbList","@id":"https:\/\/acilkonsultan.com\/receteler\/recete\/zona-zoster\/#breadcrumb","itemListElement":[{"@type":"ListItem","position":1,"name":"Anasayfa","item":"https:\/\/acilkonsultan.com\/receteler\/"},{"@type":"ListItem","position":2,"name":"\u00dcr\u00fcnler","item":"https:\/\/acilkonsultan.com\/receteler\/shop\/"},{"@type":"ListItem","position":3,"name":"Zona Zoster"}]},{"@type":"WebSite","@id":"https:\/\/acilkonsultan.com\/receteler\/#website","url":"https:\/\/acilkonsultan.com\/receteler\/","name":"Acilkonsultan Re\u00e7eteler","description":"Acil Kons\u00fcltan, bir MedicalMark markas\u0131d\u0131r.","publisher":{"@id":"https:\/\/acilkonsultan.com\/receteler\/#organization"},"potentialAction":[{"@type":"SearchAction","target":{"@type":"EntryPoint","urlTemplate":"https:\/\/acilkonsultan.com\/receteler\/?s={search_term_string}"},"query-input":{"@type":"PropertyValueSpecification","valueRequired":true,"valueName":"search_term_string"}}],"inLanguage":"tr"},{"@type":"Organization","@id":"https:\/\/acilkonsultan.com\/receteler\/#organization","name":"Acilkonsultan Re\u00e7eteler","url":"https:\/\/acilkonsultan.com\/receteler\/","logo":{"@type":"ImageObject","inLanguage":"tr","@id":"https:\/\/acilkonsultan.com\/receteler\/#\/schema\/logo\/image\/","url":"https:\/\/acilkonsultan.com\/receteler\/wp-content\/uploads\/2024\/11\/acil-konsultan-logotrn-10.png","contentUrl":"https:\/\/acilkonsultan.com\/receteler\/wp-content\/uploads\/2024\/11\/acil-konsultan-logotrn-10.png","width":1113,"height":225,"caption":"Acilkonsultan Re\u00e7eteler"},"image":{"@id":"https:\/\/acilkonsultan.com\/receteler\/#\/schema\/logo\/image\/"}}]}},"_links":{"self":[{"href":"https:\/\/acilkonsultan.com\/receteler\/wp-json\/wp\/v2\/product\/1603","targetHints":{"allow":["GET"]}}],"collection":[{"href":"https:\/\/acilkonsultan.com\/receteler\/wp-json\/wp\/v2\/product"}],"about":[{"href":"https:\/\/acilkonsultan.com\/receteler\/wp-json\/wp\/v2\/types\/product"}],"wp:featuredmedia":[{"embeddable":true,"href":"https:\/\/acilkonsultan.com\/receteler\/wp-json\/wp\/v2\/media\/117"}],"wp:attachment":[{"href":"https:\/\/acilkonsultan.com\/receteler\/wp-json\/wp\/v2\/media?parent=1603"}],"wp:term":[{"taxonomy":"product_brand","embeddable":true,"href":"https:\/\/acilkonsultan.com\/receteler\/wp-json\/wp\/v2\/product_brand?post=1603"},{"taxonomy":"product_cat","embeddable":true,"href":"https:\/\/acilkonsultan.com\/receteler\/wp-json\/wp\/v2\/product_cat?post=1603"},{"taxonomy":"product_tag","embeddable":true,"href":"https:\/\/acilkonsultan.com\/receteler\/wp-json\/wp\/v2\/product_tag?post=1603"}],"curies":[{"name":"wp","href":"https:\/\/api.w.org\/{rel}","templated":true}]}}