{"id":1550,"date":"2024-10-31T02:51:39","date_gmt":"2024-10-30T23:51:39","guid":{"rendered":"https:\/\/acilkonsultan.com\/receteler\/?post_type=product&#038;p=1550"},"modified":"2024-11-01T20:56:08","modified_gmt":"2024-11-01T17:56:08","slug":"beningn-prostat-hipertrofisi","status":"publish","type":"product","link":"https:\/\/acilkonsultan.com\/receteler\/recete\/beningn-prostat-hipertrofisi\/","title":{"rendered":"Beningn Prostat Hipertrofisi"},"content":{"rendered":"<p><strong>Benign Prostat Hiperplazisi (BPH): Klinik \u00d6zellikler ve Tedavi Y\u00f6ntemleri<\/strong><\/p>\n<p>Benign prostat hiperplazisi (BPH), ya\u015fa ba\u011fl\u0131 olarak prostat bezinin b\u00fcy\u00fcmesiyle ortaya \u00e7\u0131kan ve idrar ak\u0131\u015f\u0131nda zorluk, s\u0131k idrara \u00e7\u0131kma ve kesik kesik idrar yapma gibi alt \u00fcriner sistem semptomlar\u0131na yol a\u00e7an bir durumdur. BPH, genellikle benign seyirli olup, prostat kanserinden farkl\u0131 bir patolojidir.<\/p>\n<p><strong>Tedavi Yakla\u015f\u0131m\u0131<\/strong> BPH tedavisinde ilk se\u00e7enek, ya\u015fam tarz\u0131 de\u011fi\u015fiklikleri ve farmakolojik tedavilerdir. Alfa-blokerler (\u00f6rne\u011fin, Tamsulosin 0.4 mg, g\u00fcnde 1 tablet) prostat kaslar\u0131n\u0131 gev\u015feterek idrar ak\u0131\u015f\u0131n\u0131 iyile\u015ftirir. 5-alfa red\u00fcktaz inhibit\u00f6rleri (\u00f6rne\u011fin, Finasterid 5 mg, g\u00fcnde 1 tablet) prostat b\u00fcy\u00fcmesini yava\u015flatabilir ve uzun d\u00f6nemde prostat hacmini k\u00fc\u00e7\u00fcltebilir. \u0130la\u00e7 tedavisi ile sonu\u00e7 al\u0131namayan ya da komplikasyon geli\u015fen hastalarda cerrahi se\u00e7enekler (\u00f6rne\u011fin, TUR-P) d\u00fc\u015f\u00fcn\u00fclmelidir.<\/p>\n","protected":false},"excerpt":{"rendered":"<p>Benign Prostat Hiperplazisi (BPH): Klinik \u00d6zellikler ve Tedavi Y\u00f6ntemleri Benign prostat hiperplazisi (BPH), ya\u015fa ba\u011fl\u0131 olarak prostat bezinin b\u00fcy\u00fcmesiyle ortaya<\/p>\n","protected":false},"featured_media":133,"template":"","meta":[],"product_brand":[],"product_cat":[23],"product_tag":[],"class_list":{"0":"post-1550","1":"product","2":"type-product","3":"status-publish","4":"has-post-thumbnail","6":"product_cat-uroloji","8":"first","9":"instock","10":"shipping-taxable","11":"product-type-simple"},"yoast_head":"<!-- This site is optimized with the Yoast SEO plugin v27.6 - https:\/\/yoast.com\/product\/yoast-seo-wordpress\/ -->\n<title>Beningn Prostat Hipertrofisi - Acil Kons\u00fcltan Re\u00e7eteler<\/title>\n<meta name=\"description\" content=\"Benign prostat hiperplazisi tedavisinde alfa-blokerler ve 5-alfa red\u00fcktaz inhibit\u00f6rleri etkili olabilir. Tedavi se\u00e7eneklerini \u00f6\u011frenin.\" \/>\n<meta name=\"robots\" content=\"index, follow, max-snippet:-1, max-image-preview:large, max-video-preview:-1\" \/>\n<link rel=\"canonical\" href=\"https:\/\/acilkonsultan.com\/receteler\/recete\/beningn-prostat-hipertrofisi\/\" \/>\n<meta property=\"og:locale\" content=\"tr_TR\" \/>\n<meta property=\"og:type\" content=\"article\" \/>\n<meta property=\"og:title\" content=\"Beningn Prostat Hipertrofisi - Acil Kons\u00fcltan Re\u00e7eteler\" \/>\n<meta property=\"og:description\" content=\"Benign prostat hiperplazisi tedavisinde alfa-blokerler ve 5-alfa red\u00fcktaz inhibit\u00f6rleri etkili olabilir. Tedavi se\u00e7eneklerini \u00f6\u011frenin.\" \/>\n<meta property=\"og:url\" content=\"https:\/\/acilkonsultan.com\/receteler\/recete\/beningn-prostat-hipertrofisi\/\" \/>\n<meta property=\"og:site_name\" content=\"Acil Kons\u00fcltan Re\u00e7eteler\" \/>\n<meta property=\"article:modified_time\" content=\"2024-11-01T17:56:08+00:00\" \/>\n<meta property=\"og:image\" content=\"https:\/\/acilkonsultan.com\/receteler\/wp-content\/uploads\/2024\/10\/recete_25.10108-scaled.jpg\" \/>\n\t<meta property=\"og:image:width\" content=\"2560\" \/>\n\t<meta property=\"og:image:height\" content=\"2560\" \/>\n\t<meta property=\"og:image:type\" content=\"image\/jpeg\" \/>\n<meta name=\"twitter:card\" content=\"summary_large_image\" \/>\n<meta name=\"twitter:label1\" content=\"Tahmini okuma s\u00fcresi\" \/>\n\t<meta name=\"twitter:data1\" content=\"1 dakika\" \/>\n<script type=\"application\/ld+json\" class=\"yoast-schema-graph\">{\"@context\":\"https:\\\/\\\/schema.org\",\"@graph\":[{\"@type\":\"WebPage\",\"@id\":\"https:\\\/\\\/acilkonsultan.com\\\/receteler\\\/recete\\\/beningn-prostat-hipertrofisi\\\/\",\"url\":\"https:\\\/\\\/acilkonsultan.com\\\/receteler\\\/recete\\\/beningn-prostat-hipertrofisi\\\/\",\"name\":\"Beningn Prostat Hipertrofisi - Acil Kons\u00fcltan Re\u00e7eteler\",\"isPartOf\":{\"@id\":\"https:\\\/\\\/acilkonsultan.com\\\/receteler\\\/#website\"},\"primaryImageOfPage\":{\"@id\":\"https:\\\/\\\/acilkonsultan.com\\\/receteler\\\/recete\\\/beningn-prostat-hipertrofisi\\\/#primaryimage\"},\"image\":{\"@id\":\"https:\\\/\\\/acilkonsultan.com\\\/receteler\\\/recete\\\/beningn-prostat-hipertrofisi\\\/#primaryimage\"},\"thumbnailUrl\":\"https:\\\/\\\/acilkonsultan.com\\\/receteler\\\/wp-content\\\/uploads\\\/2024\\\/10\\\/recete_25.10108-scaled.jpg\",\"datePublished\":\"2024-10-30T23:51:39+00:00\",\"dateModified\":\"2024-11-01T17:56:08+00:00\",\"description\":\"Benign prostat hiperplazisi tedavisinde alfa-blokerler ve 5-alfa red\u00fcktaz inhibit\u00f6rleri etkili olabilir. Tedavi se\u00e7eneklerini \u00f6\u011frenin.\",\"breadcrumb\":{\"@id\":\"https:\\\/\\\/acilkonsultan.com\\\/receteler\\\/recete\\\/beningn-prostat-hipertrofisi\\\/#breadcrumb\"},\"inLanguage\":\"tr\",\"potentialAction\":[{\"@type\":\"ReadAction\",\"target\":[\"https:\\\/\\\/acilkonsultan.com\\\/receteler\\\/recete\\\/beningn-prostat-hipertrofisi\\\/\"]}]},{\"@type\":\"ImageObject\",\"inLanguage\":\"tr\",\"@id\":\"https:\\\/\\\/acilkonsultan.com\\\/receteler\\\/recete\\\/beningn-prostat-hipertrofisi\\\/#primaryimage\",\"url\":\"https:\\\/\\\/acilkonsultan.com\\\/receteler\\\/wp-content\\\/uploads\\\/2024\\\/10\\\/recete_25.10108-scaled.jpg\",\"contentUrl\":\"https:\\\/\\\/acilkonsultan.com\\\/receteler\\\/wp-content\\\/uploads\\\/2024\\\/10\\\/recete_25.10108-scaled.jpg\",\"width\":2560,\"height\":2560},{\"@type\":\"BreadcrumbList\",\"@id\":\"https:\\\/\\\/acilkonsultan.com\\\/receteler\\\/recete\\\/beningn-prostat-hipertrofisi\\\/#breadcrumb\",\"itemListElement\":[{\"@type\":\"ListItem\",\"position\":1,\"name\":\"Anasayfa\",\"item\":\"https:\\\/\\\/acilkonsultan.com\\\/receteler\\\/\"},{\"@type\":\"ListItem\",\"position\":2,\"name\":\"\u00dcr\u00fcnler\",\"item\":\"https:\\\/\\\/acilkonsultan.com\\\/receteler\\\/shop\\\/\"},{\"@type\":\"ListItem\",\"position\":3,\"name\":\"Beningn Prostat Hipertrofisi\"}]},{\"@type\":\"WebSite\",\"@id\":\"https:\\\/\\\/acilkonsultan.com\\\/receteler\\\/#website\",\"url\":\"https:\\\/\\\/acilkonsultan.com\\\/receteler\\\/\",\"name\":\"Acilkonsultan Re\u00e7eteler\",\"description\":\"Acil Kons\u00fcltan, bir MedicalMark markas\u0131d\u0131r.\",\"publisher\":{\"@id\":\"https:\\\/\\\/acilkonsultan.com\\\/receteler\\\/#organization\"},\"potentialAction\":[{\"@type\":\"SearchAction\",\"target\":{\"@type\":\"EntryPoint\",\"urlTemplate\":\"https:\\\/\\\/acilkonsultan.com\\\/receteler\\\/?s={search_term_string}\"},\"query-input\":{\"@type\":\"PropertyValueSpecification\",\"valueRequired\":true,\"valueName\":\"search_term_string\"}}],\"inLanguage\":\"tr\"},{\"@type\":\"Organization\",\"@id\":\"https:\\\/\\\/acilkonsultan.com\\\/receteler\\\/#organization\",\"name\":\"Acilkonsultan Re\u00e7eteler\",\"url\":\"https:\\\/\\\/acilkonsultan.com\\\/receteler\\\/\",\"logo\":{\"@type\":\"ImageObject\",\"inLanguage\":\"tr\",\"@id\":\"https:\\\/\\\/acilkonsultan.com\\\/receteler\\\/#\\\/schema\\\/logo\\\/image\\\/\",\"url\":\"https:\\\/\\\/acilkonsultan.com\\\/receteler\\\/wp-content\\\/uploads\\\/2024\\\/11\\\/acil-konsultan-logotrn-10.png\",\"contentUrl\":\"https:\\\/\\\/acilkonsultan.com\\\/receteler\\\/wp-content\\\/uploads\\\/2024\\\/11\\\/acil-konsultan-logotrn-10.png\",\"width\":1113,\"height\":225,\"caption\":\"Acilkonsultan Re\u00e7eteler\"},\"image\":{\"@id\":\"https:\\\/\\\/acilkonsultan.com\\\/receteler\\\/#\\\/schema\\\/logo\\\/image\\\/\"}}]}<\/script>\n<!-- \/ Yoast SEO plugin. -->","yoast_head_json":{"title":"Beningn Prostat Hipertrofisi - Acil Kons\u00fcltan Re\u00e7eteler","description":"Benign prostat hiperplazisi tedavisinde alfa-blokerler ve 5-alfa red\u00fcktaz inhibit\u00f6rleri etkili olabilir. Tedavi se\u00e7eneklerini \u00f6\u011frenin.","robots":{"index":"index","follow":"follow","max-snippet":"max-snippet:-1","max-image-preview":"max-image-preview:large","max-video-preview":"max-video-preview:-1"},"canonical":"https:\/\/acilkonsultan.com\/receteler\/recete\/beningn-prostat-hipertrofisi\/","og_locale":"tr_TR","og_type":"article","og_title":"Beningn Prostat Hipertrofisi - Acil Kons\u00fcltan Re\u00e7eteler","og_description":"Benign prostat hiperplazisi tedavisinde alfa-blokerler ve 5-alfa red\u00fcktaz inhibit\u00f6rleri etkili olabilir. Tedavi se\u00e7eneklerini \u00f6\u011frenin.","og_url":"https:\/\/acilkonsultan.com\/receteler\/recete\/beningn-prostat-hipertrofisi\/","og_site_name":"Acil Kons\u00fcltan Re\u00e7eteler","article_modified_time":"2024-11-01T17:56:08+00:00","og_image":[{"width":2560,"height":2560,"url":"https:\/\/acilkonsultan.com\/receteler\/wp-content\/uploads\/2024\/10\/recete_25.10108-scaled.jpg","type":"image\/jpeg"}],"twitter_card":"summary_large_image","twitter_misc":{"Tahmini okuma s\u00fcresi":"1 dakika"},"schema":{"@context":"https:\/\/schema.org","@graph":[{"@type":"WebPage","@id":"https:\/\/acilkonsultan.com\/receteler\/recete\/beningn-prostat-hipertrofisi\/","url":"https:\/\/acilkonsultan.com\/receteler\/recete\/beningn-prostat-hipertrofisi\/","name":"Beningn Prostat Hipertrofisi - Acil Kons\u00fcltan Re\u00e7eteler","isPartOf":{"@id":"https:\/\/acilkonsultan.com\/receteler\/#website"},"primaryImageOfPage":{"@id":"https:\/\/acilkonsultan.com\/receteler\/recete\/beningn-prostat-hipertrofisi\/#primaryimage"},"image":{"@id":"https:\/\/acilkonsultan.com\/receteler\/recete\/beningn-prostat-hipertrofisi\/#primaryimage"},"thumbnailUrl":"https:\/\/acilkonsultan.com\/receteler\/wp-content\/uploads\/2024\/10\/recete_25.10108-scaled.jpg","datePublished":"2024-10-30T23:51:39+00:00","dateModified":"2024-11-01T17:56:08+00:00","description":"Benign prostat hiperplazisi tedavisinde alfa-blokerler ve 5-alfa red\u00fcktaz inhibit\u00f6rleri etkili olabilir. Tedavi se\u00e7eneklerini \u00f6\u011frenin.","breadcrumb":{"@id":"https:\/\/acilkonsultan.com\/receteler\/recete\/beningn-prostat-hipertrofisi\/#breadcrumb"},"inLanguage":"tr","potentialAction":[{"@type":"ReadAction","target":["https:\/\/acilkonsultan.com\/receteler\/recete\/beningn-prostat-hipertrofisi\/"]}]},{"@type":"ImageObject","inLanguage":"tr","@id":"https:\/\/acilkonsultan.com\/receteler\/recete\/beningn-prostat-hipertrofisi\/#primaryimage","url":"https:\/\/acilkonsultan.com\/receteler\/wp-content\/uploads\/2024\/10\/recete_25.10108-scaled.jpg","contentUrl":"https:\/\/acilkonsultan.com\/receteler\/wp-content\/uploads\/2024\/10\/recete_25.10108-scaled.jpg","width":2560,"height":2560},{"@type":"BreadcrumbList","@id":"https:\/\/acilkonsultan.com\/receteler\/recete\/beningn-prostat-hipertrofisi\/#breadcrumb","itemListElement":[{"@type":"ListItem","position":1,"name":"Anasayfa","item":"https:\/\/acilkonsultan.com\/receteler\/"},{"@type":"ListItem","position":2,"name":"\u00dcr\u00fcnler","item":"https:\/\/acilkonsultan.com\/receteler\/shop\/"},{"@type":"ListItem","position":3,"name":"Beningn Prostat Hipertrofisi"}]},{"@type":"WebSite","@id":"https:\/\/acilkonsultan.com\/receteler\/#website","url":"https:\/\/acilkonsultan.com\/receteler\/","name":"Acilkonsultan Re\u00e7eteler","description":"Acil Kons\u00fcltan, bir MedicalMark markas\u0131d\u0131r.","publisher":{"@id":"https:\/\/acilkonsultan.com\/receteler\/#organization"},"potentialAction":[{"@type":"SearchAction","target":{"@type":"EntryPoint","urlTemplate":"https:\/\/acilkonsultan.com\/receteler\/?s={search_term_string}"},"query-input":{"@type":"PropertyValueSpecification","valueRequired":true,"valueName":"search_term_string"}}],"inLanguage":"tr"},{"@type":"Organization","@id":"https:\/\/acilkonsultan.com\/receteler\/#organization","name":"Acilkonsultan Re\u00e7eteler","url":"https:\/\/acilkonsultan.com\/receteler\/","logo":{"@type":"ImageObject","inLanguage":"tr","@id":"https:\/\/acilkonsultan.com\/receteler\/#\/schema\/logo\/image\/","url":"https:\/\/acilkonsultan.com\/receteler\/wp-content\/uploads\/2024\/11\/acil-konsultan-logotrn-10.png","contentUrl":"https:\/\/acilkonsultan.com\/receteler\/wp-content\/uploads\/2024\/11\/acil-konsultan-logotrn-10.png","width":1113,"height":225,"caption":"Acilkonsultan Re\u00e7eteler"},"image":{"@id":"https:\/\/acilkonsultan.com\/receteler\/#\/schema\/logo\/image\/"}}]}},"_links":{"self":[{"href":"https:\/\/acilkonsultan.com\/receteler\/wp-json\/wp\/v2\/product\/1550","targetHints":{"allow":["GET"]}}],"collection":[{"href":"https:\/\/acilkonsultan.com\/receteler\/wp-json\/wp\/v2\/product"}],"about":[{"href":"https:\/\/acilkonsultan.com\/receteler\/wp-json\/wp\/v2\/types\/product"}],"wp:featuredmedia":[{"embeddable":true,"href":"https:\/\/acilkonsultan.com\/receteler\/wp-json\/wp\/v2\/media\/133"}],"wp:attachment":[{"href":"https:\/\/acilkonsultan.com\/receteler\/wp-json\/wp\/v2\/media?parent=1550"}],"wp:term":[{"taxonomy":"product_brand","embeddable":true,"href":"https:\/\/acilkonsultan.com\/receteler\/wp-json\/wp\/v2\/product_brand?post=1550"},{"taxonomy":"product_cat","embeddable":true,"href":"https:\/\/acilkonsultan.com\/receteler\/wp-json\/wp\/v2\/product_cat?post=1550"},{"taxonomy":"product_tag","embeddable":true,"href":"https:\/\/acilkonsultan.com\/receteler\/wp-json\/wp\/v2\/product_tag?post=1550"}],"curies":[{"name":"wp","href":"https:\/\/api.w.org\/{rel}","templated":true}]}}